{"id":1867,"date":"2023-08-10T11:49:37","date_gmt":"2023-08-10T11:49:37","guid":{"rendered":"https:\/\/daisyevents.us\/%d0%be%d0%b6%d0%b8%d0%b2%d0%b5%d1%9b%d0%b5%d0%bc%d0%be-%d0%b2%d0%b0%d1%88%d1%83-%d0%b2%d0%b8%d0%b7%d0%b8%d1%98%d1%83\/"},"modified":"2023-10-26T15:17:20","modified_gmt":"2023-10-26T15:17:20","slug":"ozivecemo-vasu-viziju","status":"publish","type":"page","link":"https:\/\/daisyevents.us\/sr\/","title":{"rendered":"\u041e\u0436\u0438\u0432\u0435\u045b\u0435\u043c\u043e \u0432\u0430\u0448\u0443 \u0432\u0438\u0437\u0438\u0458\u0443"},"content":{"rendered":{},"protected":false},"excerpt":{"rendered":"<p>Dobrodo\u0161li u Daisy Events\u2122 Va\u0161u viziju pretvaramo u stvarnost, kreiraju\u0107i nezaboravna iskustva. Saznajte vi\u0161e o DE\u2122 Daisy Events\u2122 Mi smo renomirana agencija poznata po stru\u010dnosti u profesionalnoj organizaciji doga\u0111aja i konsultantskim uslugama. Mo\u017eete se osloniti na nas kao na partnera u konceptualizaciji, planiranju i realizovanju korporativnih i dru\u0161tvenih doga\u0111aja. Na\u0161 cilj je stvaranje trajnih uspomena &#8230; <a title=\"\u041e\u0436\u0438\u0432\u0435\u045b\u0435\u043c\u043e \u0432\u0430\u0448\u0443 \u0432\u0438\u0437\u0438\u0458\u0443\" class=\"read-more\" href=\"https:\/\/daisyevents.us\/sr\/\" aria-label=\"Read more about \u041e\u0436\u0438\u0432\u0435\u045b\u0435\u043c\u043e \u0432\u0430\u0448\u0443 \u0432\u0438\u0437\u0438\u0458\u0443\">Read more<\/a><\/p>\n","protected":false},"author":1,"featured_media":0,"parent":0,"menu_order":0,"comment_status":"closed","ping_status":"closed","template":"elementor_canvas","meta":{"footnotes":""},"class_list":["post-1867","page","type-page","status-publish"],"yoast_head":"<!-- This site is optimized with the Yoast SEO plugin v27.4 - https:\/\/yoast.com\/product\/yoast-seo-wordpress\/ -->\n<title>\u041e\u0436\u0438\u0432\u0435\u045b\u0435\u043c\u043e \u0432\u0430\u0448\u0443 \u0432\u0438\u0437\u0438\u0458\u0443 - Daisy Events<\/title>\n<meta name=\"description\" content=\"Daisy Events je va\u0161 pouzdan partner u konceptualizaciji, planiranju i realizovanju korporativnih i dru\u0161tvenih doga\u0111aja. Na\u0161 cilj je stvaranje trajnih uspomena i nezaboravnog iskustva za vas i va\u0161e goste. \u0160irok spektar na\u0161ih usluga pru\u017ea vam sveobuhvatnu podr\u0161ku u svakom aspektu doga\u0111aja - sve na jednom mestu.\" \/>\n<meta name=\"robots\" content=\"index, follow, max-snippet:-1, max-image-preview:large, max-video-preview:-1\" \/>\n<link rel=\"canonical\" href=\"https:\/\/daisyevents.us\/sr\/\" \/>\n<meta property=\"og:locale\" content=\"sr_RS\" \/>\n<meta property=\"og:type\" content=\"article\" \/>\n<meta property=\"og:title\" content=\"Daisy Events\" \/>\n<meta property=\"og:description\" content=\"Daisy Events je va\u0161 pouzdan partner u konceptualizaciji, planiranju i realizovanju korporativnih i dru\u0161tvenih doga\u0111aja. Na\u0161 cilj je stvaranje trajnih uspomena i nezaboravnog iskustva za vas i va\u0161e goste. \u0160irok spektar na\u0161ih usluga pru\u017ea vam sveobuhvatnu podr\u0161ku u svakom aspektu doga\u0111aja - sve na jednom mestu.\" \/>\n<meta property=\"og:url\" content=\"https:\/\/daisyevents.us\/sr\/\" \/>\n<meta property=\"og:site_name\" content=\"Daisy Events\" \/>\n<meta property=\"article:modified_time\" content=\"2023-10-26T15:17:20+00:00\" \/>\n<meta property=\"og:image\" content=\"https:\/\/daisyevents.us\/wp-content\/uploads\/2023\/09\/daisy-events-logo-white-bg-1024x576.png\" \/>\n<meta name=\"twitter:card\" content=\"summary_large_image\" \/>\n<meta name=\"twitter:title\" content=\"Daisy Events\" \/>\n<meta name=\"twitter:description\" content=\"Daisy Events je va\u0161 pouzdan partner u konceptualizaciji, planiranju i realizovanju korporativnih i dru\u0161tvenih doga\u0111aja. Na\u0161 cilj je stvaranje trajnih uspomena i nezaboravnog iskustva za vas i va\u0161e goste. \u0160irok spektar na\u0161ih usluga pru\u017ea vam sveobuhvatnu podr\u0161ku u svakom aspektu doga\u0111aja - sve na jednom mestu.\" \/>\n<meta name=\"twitter:image\" content=\"https:\/\/daisyevents.us\/wp-content\/uploads\/2023\/09\/daisy-events-logo-white-bg-1024x576.png\" \/>\n<meta name=\"twitter:label1\" content=\"Procenjeno vreme \u010ditanja\" \/>\n\t<meta name=\"twitter:data1\" content=\"2 minuta\" \/>\n<script type=\"application\/ld+json\" class=\"yoast-schema-graph\">{\"@context\":\"https:\\\/\\\/schema.org\",\"@graph\":[{\"@type\":\"WebPage\",\"@id\":\"https:\\\/\\\/daisyevents.us\\\/sr\\\/\",\"url\":\"https:\\\/\\\/daisyevents.us\\\/sr\\\/\",\"name\":\"\u041e\u0436\u0438\u0432\u0435\u045b\u0435\u043c\u043e \u0432\u0430\u0448\u0443 \u0432\u0438\u0437\u0438\u0458\u0443 - Daisy Events\",\"isPartOf\":{\"@id\":\"https:\\\/\\\/daisyevents.us\\\/sr\\\/#website\"},\"primaryImageOfPage\":{\"@id\":\"https:\\\/\\\/daisyevents.us\\\/sr\\\/#primaryimage\"},\"image\":{\"@id\":\"https:\\\/\\\/daisyevents.us\\\/sr\\\/#primaryimage\"},\"thumbnailUrl\":\"https:\\\/\\\/daisyevents.us\\\/wp-content\\\/uploads\\\/2023\\\/08\\\/home-party-1024x683.jpg\",\"datePublished\":\"2023-08-10T11:49:37+00:00\",\"dateModified\":\"2023-10-26T15:17:20+00:00\",\"description\":\"Daisy Events je va\u0161 pouzdan partner u konceptualizaciji, planiranju i realizovanju korporativnih i dru\u0161tvenih doga\u0111aja. Na\u0161 cilj je stvaranje trajnih uspomena i nezaboravnog iskustva za vas i va\u0161e goste. \u0160irok spektar na\u0161ih usluga pru\u017ea vam sveobuhvatnu podr\u0161ku u svakom aspektu doga\u0111aja - sve na jednom mestu.\",\"breadcrumb\":{\"@id\":\"https:\\\/\\\/daisyevents.us\\\/sr\\\/#breadcrumb\"},\"inLanguage\":\"sr-RS\",\"potentialAction\":[{\"@type\":\"ReadAction\",\"target\":[\"https:\\\/\\\/daisyevents.us\\\/sr\\\/\"]}]},{\"@type\":\"ImageObject\",\"inLanguage\":\"sr-RS\",\"@id\":\"https:\\\/\\\/daisyevents.us\\\/sr\\\/#primaryimage\",\"url\":\"https:\\\/\\\/daisyevents.us\\\/wp-content\\\/uploads\\\/2023\\\/08\\\/home-party-1024x683.jpg\",\"contentUrl\":\"https:\\\/\\\/daisyevents.us\\\/wp-content\\\/uploads\\\/2023\\\/08\\\/home-party-1024x683.jpg\"},{\"@type\":\"BreadcrumbList\",\"@id\":\"https:\\\/\\\/daisyevents.us\\\/sr\\\/#breadcrumb\",\"itemListElement\":[{\"@type\":\"ListItem\",\"position\":1,\"name\":\"Home\",\"item\":\"https:\\\/\\\/daisyevents.us\\\/sr\\\/\"},{\"@type\":\"ListItem\",\"position\":2,\"name\":\"\u041e\u0436\u0438\u0432\u0435\u045b\u0435\u043c\u043e \u0432\u0430\u0448\u0443 \u0432\u0438\u0437\u0438\u0458\u0443\"}]},{\"@type\":\"WebSite\",\"@id\":\"https:\\\/\\\/daisyevents.us\\\/sr\\\/#website\",\"url\":\"https:\\\/\\\/daisyevents.us\\\/sr\\\/\",\"name\":\"Daisy Events - Profesional Event Organization Services\",\"description\":\"Daisy Events is your reliable partner in conceptualizing, planning, and executing corporate and social events.\",\"publisher\":{\"@id\":\"https:\\\/\\\/daisyevents.us\\\/sr\\\/#organization\"},\"alternateName\":\"Daisy Events\",\"potentialAction\":[{\"@type\":\"SearchAction\",\"target\":{\"@type\":\"EntryPoint\",\"urlTemplate\":\"https:\\\/\\\/daisyevents.us\\\/sr\\\/?s={search_term_string}\"},\"query-input\":{\"@type\":\"PropertyValueSpecification\",\"valueRequired\":true,\"valueName\":\"search_term_string\"}}],\"inLanguage\":\"sr-RS\"},{\"@type\":\"Organization\",\"@id\":\"https:\\\/\\\/daisyevents.us\\\/sr\\\/#organization\",\"name\":\"Daisy Events - Profesional Event Organization Services\",\"alternateName\":\"Daisy Events\",\"url\":\"https:\\\/\\\/daisyevents.us\\\/sr\\\/\",\"logo\":{\"@type\":\"ImageObject\",\"inLanguage\":\"sr-RS\",\"@id\":\"https:\\\/\\\/daisyevents.us\\\/sr\\\/#\\\/schema\\\/logo\\\/image\\\/\",\"url\":\"https:\\\/\\\/daisyevents.us\\\/wp-content\\\/uploads\\\/2023\\\/09\\\/daisy-events-logo.png\",\"contentUrl\":\"https:\\\/\\\/daisyevents.us\\\/wp-content\\\/uploads\\\/2023\\\/09\\\/daisy-events-logo.png\",\"width\":1200,\"height\":675,\"caption\":\"Daisy Events - Profesional Event Organization Services\"},\"image\":{\"@id\":\"https:\\\/\\\/daisyevents.us\\\/sr\\\/#\\\/schema\\\/logo\\\/image\\\/\"}}]}<\/script>\n<!-- \/ Yoast SEO plugin. -->","yoast_head_json":{"title":"\u041e\u0436\u0438\u0432\u0435\u045b\u0435\u043c\u043e \u0432\u0430\u0448\u0443 \u0432\u0438\u0437\u0438\u0458\u0443 - Daisy Events","description":"Daisy Events je va\u0161 pouzdan partner u konceptualizaciji, planiranju i realizovanju korporativnih i dru\u0161tvenih doga\u0111aja. Na\u0161 cilj je stvaranje trajnih uspomena i nezaboravnog iskustva za vas i va\u0161e goste. \u0160irok spektar na\u0161ih usluga pru\u017ea vam sveobuhvatnu podr\u0161ku u svakom aspektu doga\u0111aja - sve na jednom mestu.","robots":{"index":"index","follow":"follow","max-snippet":"max-snippet:-1","max-image-preview":"max-image-preview:large","max-video-preview":"max-video-preview:-1"},"canonical":"https:\/\/daisyevents.us\/sr\/","og_locale":"sr_RS","og_type":"article","og_title":"Daisy Events","og_description":"Daisy Events je va\u0161 pouzdan partner u konceptualizaciji, planiranju i realizovanju korporativnih i dru\u0161tvenih doga\u0111aja. Na\u0161 cilj je stvaranje trajnih uspomena i nezaboravnog iskustva za vas i va\u0161e goste. \u0160irok spektar na\u0161ih usluga pru\u017ea vam sveobuhvatnu podr\u0161ku u svakom aspektu doga\u0111aja - sve na jednom mestu.","og_url":"https:\/\/daisyevents.us\/sr\/","og_site_name":"Daisy Events","article_modified_time":"2023-10-26T15:17:20+00:00","og_image":[{"url":"https:\/\/daisyevents.us\/wp-content\/uploads\/2023\/09\/daisy-events-logo-white-bg-1024x576.png","type":"","width":"","height":""}],"twitter_card":"summary_large_image","twitter_title":"Daisy Events","twitter_description":"Daisy Events je va\u0161 pouzdan partner u konceptualizaciji, planiranju i realizovanju korporativnih i dru\u0161tvenih doga\u0111aja. Na\u0161 cilj je stvaranje trajnih uspomena i nezaboravnog iskustva za vas i va\u0161e goste. \u0160irok spektar na\u0161ih usluga pru\u017ea vam sveobuhvatnu podr\u0161ku u svakom aspektu doga\u0111aja - sve na jednom mestu.","twitter_image":"https:\/\/daisyevents.us\/wp-content\/uploads\/2023\/09\/daisy-events-logo-white-bg-1024x576.png","twitter_misc":{"Procenjeno vreme \u010ditanja":"2 minuta"},"schema":{"@context":"https:\/\/schema.org","@graph":[{"@type":"WebPage","@id":"https:\/\/daisyevents.us\/sr\/","url":"https:\/\/daisyevents.us\/sr\/","name":"\u041e\u0436\u0438\u0432\u0435\u045b\u0435\u043c\u043e \u0432\u0430\u0448\u0443 \u0432\u0438\u0437\u0438\u0458\u0443 - Daisy Events","isPartOf":{"@id":"https:\/\/daisyevents.us\/sr\/#website"},"primaryImageOfPage":{"@id":"https:\/\/daisyevents.us\/sr\/#primaryimage"},"image":{"@id":"https:\/\/daisyevents.us\/sr\/#primaryimage"},"thumbnailUrl":"https:\/\/daisyevents.us\/wp-content\/uploads\/2023\/08\/home-party-1024x683.jpg","datePublished":"2023-08-10T11:49:37+00:00","dateModified":"2023-10-26T15:17:20+00:00","description":"Daisy Events je va\u0161 pouzdan partner u konceptualizaciji, planiranju i realizovanju korporativnih i dru\u0161tvenih doga\u0111aja. Na\u0161 cilj je stvaranje trajnih uspomena i nezaboravnog iskustva za vas i va\u0161e goste. \u0160irok spektar na\u0161ih usluga pru\u017ea vam sveobuhvatnu podr\u0161ku u svakom aspektu doga\u0111aja - sve na jednom mestu.","breadcrumb":{"@id":"https:\/\/daisyevents.us\/sr\/#breadcrumb"},"inLanguage":"sr-RS","potentialAction":[{"@type":"ReadAction","target":["https:\/\/daisyevents.us\/sr\/"]}]},{"@type":"ImageObject","inLanguage":"sr-RS","@id":"https:\/\/daisyevents.us\/sr\/#primaryimage","url":"https:\/\/daisyevents.us\/wp-content\/uploads\/2023\/08\/home-party-1024x683.jpg","contentUrl":"https:\/\/daisyevents.us\/wp-content\/uploads\/2023\/08\/home-party-1024x683.jpg"},{"@type":"BreadcrumbList","@id":"https:\/\/daisyevents.us\/sr\/#breadcrumb","itemListElement":[{"@type":"ListItem","position":1,"name":"Home","item":"https:\/\/daisyevents.us\/sr\/"},{"@type":"ListItem","position":2,"name":"\u041e\u0436\u0438\u0432\u0435\u045b\u0435\u043c\u043e \u0432\u0430\u0448\u0443 \u0432\u0438\u0437\u0438\u0458\u0443"}]},{"@type":"WebSite","@id":"https:\/\/daisyevents.us\/sr\/#website","url":"https:\/\/daisyevents.us\/sr\/","name":"Daisy Events - Profesional Event Organization Services","description":"Daisy Events is your reliable partner in conceptualizing, planning, and executing corporate and social events.","publisher":{"@id":"https:\/\/daisyevents.us\/sr\/#organization"},"alternateName":"Daisy Events","potentialAction":[{"@type":"SearchAction","target":{"@type":"EntryPoint","urlTemplate":"https:\/\/daisyevents.us\/sr\/?s={search_term_string}"},"query-input":{"@type":"PropertyValueSpecification","valueRequired":true,"valueName":"search_term_string"}}],"inLanguage":"sr-RS"},{"@type":"Organization","@id":"https:\/\/daisyevents.us\/sr\/#organization","name":"Daisy Events - Profesional Event Organization Services","alternateName":"Daisy Events","url":"https:\/\/daisyevents.us\/sr\/","logo":{"@type":"ImageObject","inLanguage":"sr-RS","@id":"https:\/\/daisyevents.us\/sr\/#\/schema\/logo\/image\/","url":"https:\/\/daisyevents.us\/wp-content\/uploads\/2023\/09\/daisy-events-logo.png","contentUrl":"https:\/\/daisyevents.us\/wp-content\/uploads\/2023\/09\/daisy-events-logo.png","width":1200,"height":675,"caption":"Daisy Events - Profesional Event Organization Services"},"image":{"@id":"https:\/\/daisyevents.us\/sr\/#\/schema\/logo\/image\/"}}]}},"_links":{"self":[{"href":"https:\/\/daisyevents.us\/sr\/wp-json\/wp\/v2\/pages\/1867","targetHints":{"allow":["GET"]}}],"collection":[{"href":"https:\/\/daisyevents.us\/sr\/wp-json\/wp\/v2\/pages"}],"about":[{"href":"https:\/\/daisyevents.us\/sr\/wp-json\/wp\/v2\/types\/page"}],"author":[{"embeddable":true,"href":"https:\/\/daisyevents.us\/sr\/wp-json\/wp\/v2\/users\/1"}],"replies":[{"embeddable":true,"href":"https:\/\/daisyevents.us\/sr\/wp-json\/wp\/v2\/comments?post=1867"}],"version-history":[{"count":43,"href":"https:\/\/daisyevents.us\/sr\/wp-json\/wp\/v2\/pages\/1867\/revisions"}],"predecessor-version":[{"id":2296,"href":"https:\/\/daisyevents.us\/sr\/wp-json\/wp\/v2\/pages\/1867\/revisions\/2296"}],"wp:attachment":[{"href":"https:\/\/daisyevents.us\/sr\/wp-json\/wp\/v2\/media?parent=1867"}],"curies":[{"name":"wp","href":"https:\/\/api.w.org\/{rel}","templated":true}]}}