{"id":1868,"date":"2023-08-29T09:09:59","date_gmt":"2023-08-29T09:09:59","guid":{"rendered":"https:\/\/daisyevents.us\/%d0%ba%d0%be%d0%bc%d0%b5%d0%bd%d1%82%d0%b0%d1%80%d0%b0\/"},"modified":"2023-10-26T14:47:08","modified_gmt":"2023-10-26T14:47:08","slug":"preporuke","status":"publish","type":"page","link":"https:\/\/daisyevents.us\/sr\/preporuke\/","title":{"rendered":"Preporuke"},"content":{"rendered":{},"protected":false},"excerpt":{"rendered":"<p>Drugi o nama Pro\u010ditajte svedo\u010denja na\u0161ih klijenata o iskustvima koja su stekli za vreme na\u0161e zajedni\u010dke saradnje. \u0418\u0441\u043a\u043e\u0440\u0438\u0441\u0442\u0438\u0442\u0435 \u0441\u043d\u0430\u0433\u0443 \u045a\u0438\u0445\u043e\u0432\u0438\u0445 \u0430\u0443\u0442\u0435\u043d\u0442\u0438\u0447\u043d\u0438\u0445 \u0440\u0435\u0447\u0438 \u0438 \u043e\u0445\u0440\u0430\u0431\u0440\u0438\u0442\u0435 \u0441\u0432\u043e\u0458\u0443 \u043e\u0434\u043b\u0443\u043a\u0443 \u0434\u0430 \u043d\u0430\u0441 \u0438\u0437\u0430\u0431\u0435\u0440\u0435\u0442\u0435 \u0437\u0430 \u043e\u0440\u0433\u0430\u043d\u0438\u0437\u0430\u0442\u043e\u0440\u0435 svojih \u0434\u043e\u0433\u0430\u0452\u0430\u0458\u0430. Pi\u0161ite nam \u201eRada je pre svega profesionalac, visoko poslovna, precizna, ta\u010dna i odgovorna osoba. Komunikacija sa njom je jednostavna, brza i ta\u010dna. &#8230; <a title=\"Preporuke\" class=\"read-more\" href=\"https:\/\/daisyevents.us\/sr\/preporuke\/\" aria-label=\"Read more about Preporuke\">Read more<\/a><\/p>\n","protected":false},"author":1,"featured_media":0,"parent":0,"menu_order":0,"comment_status":"closed","ping_status":"closed","template":"elementor_canvas","meta":{"footnotes":""},"class_list":["post-1868","page","type-page","status-publish"],"yoast_head":"<!-- This site is optimized with the Yoast SEO plugin v27.4 - https:\/\/yoast.com\/product\/yoast-seo-wordpress\/ -->\n<title>Preporuke - Daisy Events<\/title>\n<meta name=\"robots\" content=\"index, follow, max-snippet:-1, max-image-preview:large, max-video-preview:-1\" \/>\n<link rel=\"canonical\" href=\"https:\/\/daisyevents.us\/sr\/preporuke\/\" \/>\n<meta property=\"og:locale\" content=\"sr_RS\" \/>\n<meta property=\"og:type\" content=\"article\" \/>\n<meta property=\"og:title\" content=\"Preporuke - Daisy Events\" \/>\n<meta property=\"og:description\" content=\"Drugi o nama Pro\u010ditajte svedo\u010denja na\u0161ih klijenata o iskustvima koja su stekli za vreme na\u0161e zajedni\u010dke saradnje. \u0418\u0441\u043a\u043e\u0440\u0438\u0441\u0442\u0438\u0442\u0435 \u0441\u043d\u0430\u0433\u0443 \u045a\u0438\u0445\u043e\u0432\u0438\u0445 \u0430\u0443\u0442\u0435\u043d\u0442\u0438\u0447\u043d\u0438\u0445 \u0440\u0435\u0447\u0438 \u0438 \u043e\u0445\u0440\u0430\u0431\u0440\u0438\u0442\u0435 \u0441\u0432\u043e\u0458\u0443 \u043e\u0434\u043b\u0443\u043a\u0443 \u0434\u0430 \u043d\u0430\u0441 \u0438\u0437\u0430\u0431\u0435\u0440\u0435\u0442\u0435 \u0437\u0430 \u043e\u0440\u0433\u0430\u043d\u0438\u0437\u0430\u0442\u043e\u0440\u0435 svojih \u0434\u043e\u0433\u0430\u0452\u0430\u0458\u0430. Pi\u0161ite nam \u201eRada je pre svega profesionalac, visoko poslovna, precizna, ta\u010dna i odgovorna osoba. Komunikacija sa njom je jednostavna, brza i ta\u010dna. ... Read more\" \/>\n<meta property=\"og:url\" content=\"https:\/\/daisyevents.us\/sr\/preporuke\/\" \/>\n<meta property=\"og:site_name\" content=\"Daisy Events\" \/>\n<meta property=\"article:modified_time\" content=\"2023-10-26T14:47:08+00:00\" \/>\n<meta property=\"og:image\" content=\"https:\/\/daisyevents.us\/wp-content\/uploads\/2023\/08\/partners-lenovo.png\" \/>\n<meta name=\"twitter:card\" content=\"summary_large_image\" \/>\n<meta name=\"twitter:label1\" content=\"Procenjeno vreme \u010ditanja\" \/>\n\t<meta name=\"twitter:data1\" content=\"4 minuta\" \/>\n<script type=\"application\/ld+json\" class=\"yoast-schema-graph\">{\"@context\":\"https:\\\/\\\/schema.org\",\"@graph\":[{\"@type\":\"WebPage\",\"@id\":\"https:\\\/\\\/daisyevents.us\\\/sr\\\/preporuke\\\/\",\"url\":\"https:\\\/\\\/daisyevents.us\\\/sr\\\/preporuke\\\/\",\"name\":\"Preporuke - Daisy Events\",\"isPartOf\":{\"@id\":\"https:\\\/\\\/daisyevents.us\\\/sr\\\/#website\"},\"primaryImageOfPage\":{\"@id\":\"https:\\\/\\\/daisyevents.us\\\/sr\\\/preporuke\\\/#primaryimage\"},\"image\":{\"@id\":\"https:\\\/\\\/daisyevents.us\\\/sr\\\/preporuke\\\/#primaryimage\"},\"thumbnailUrl\":\"https:\\\/\\\/daisyevents.us\\\/wp-content\\\/uploads\\\/2023\\\/08\\\/partners-lenovo.png\",\"datePublished\":\"2023-08-29T09:09:59+00:00\",\"dateModified\":\"2023-10-26T14:47:08+00:00\",\"breadcrumb\":{\"@id\":\"https:\\\/\\\/daisyevents.us\\\/sr\\\/preporuke\\\/#breadcrumb\"},\"inLanguage\":\"sr-RS\",\"potentialAction\":[{\"@type\":\"ReadAction\",\"target\":[\"https:\\\/\\\/daisyevents.us\\\/sr\\\/preporuke\\\/\"]}]},{\"@type\":\"ImageObject\",\"inLanguage\":\"sr-RS\",\"@id\":\"https:\\\/\\\/daisyevents.us\\\/sr\\\/preporuke\\\/#primaryimage\",\"url\":\"https:\\\/\\\/daisyevents.us\\\/wp-content\\\/uploads\\\/2023\\\/08\\\/partners-lenovo.png\",\"contentUrl\":\"https:\\\/\\\/daisyevents.us\\\/wp-content\\\/uploads\\\/2023\\\/08\\\/partners-lenovo.png\"},{\"@type\":\"BreadcrumbList\",\"@id\":\"https:\\\/\\\/daisyevents.us\\\/sr\\\/preporuke\\\/#breadcrumb\",\"itemListElement\":[{\"@type\":\"ListItem\",\"position\":1,\"name\":\"Home\",\"item\":\"https:\\\/\\\/daisyevents.us\\\/sr\\\/\"},{\"@type\":\"ListItem\",\"position\":2,\"name\":\"Preporuke\"}]},{\"@type\":\"WebSite\",\"@id\":\"https:\\\/\\\/daisyevents.us\\\/sr\\\/#website\",\"url\":\"https:\\\/\\\/daisyevents.us\\\/sr\\\/\",\"name\":\"Daisy Events - Profesional Event Organization Services\",\"description\":\"Daisy Events is your reliable partner in conceptualizing, planning, and executing corporate and social events.\",\"publisher\":{\"@id\":\"https:\\\/\\\/daisyevents.us\\\/sr\\\/#organization\"},\"alternateName\":\"Daisy Events\",\"potentialAction\":[{\"@type\":\"SearchAction\",\"target\":{\"@type\":\"EntryPoint\",\"urlTemplate\":\"https:\\\/\\\/daisyevents.us\\\/sr\\\/?s={search_term_string}\"},\"query-input\":{\"@type\":\"PropertyValueSpecification\",\"valueRequired\":true,\"valueName\":\"search_term_string\"}}],\"inLanguage\":\"sr-RS\"},{\"@type\":\"Organization\",\"@id\":\"https:\\\/\\\/daisyevents.us\\\/sr\\\/#organization\",\"name\":\"Daisy Events - Profesional Event Organization Services\",\"alternateName\":\"Daisy Events\",\"url\":\"https:\\\/\\\/daisyevents.us\\\/sr\\\/\",\"logo\":{\"@type\":\"ImageObject\",\"inLanguage\":\"sr-RS\",\"@id\":\"https:\\\/\\\/daisyevents.us\\\/sr\\\/#\\\/schema\\\/logo\\\/image\\\/\",\"url\":\"https:\\\/\\\/daisyevents.us\\\/wp-content\\\/uploads\\\/2023\\\/09\\\/daisy-events-logo.png\",\"contentUrl\":\"https:\\\/\\\/daisyevents.us\\\/wp-content\\\/uploads\\\/2023\\\/09\\\/daisy-events-logo.png\",\"width\":1200,\"height\":675,\"caption\":\"Daisy Events - Profesional Event Organization Services\"},\"image\":{\"@id\":\"https:\\\/\\\/daisyevents.us\\\/sr\\\/#\\\/schema\\\/logo\\\/image\\\/\"}}]}<\/script>\n<!-- \/ Yoast SEO plugin. -->","yoast_head_json":{"title":"Preporuke - Daisy Events","robots":{"index":"index","follow":"follow","max-snippet":"max-snippet:-1","max-image-preview":"max-image-preview:large","max-video-preview":"max-video-preview:-1"},"canonical":"https:\/\/daisyevents.us\/sr\/preporuke\/","og_locale":"sr_RS","og_type":"article","og_title":"Preporuke - Daisy Events","og_description":"Drugi o nama Pro\u010ditajte svedo\u010denja na\u0161ih klijenata o iskustvima koja su stekli za vreme na\u0161e zajedni\u010dke saradnje. \u0418\u0441\u043a\u043e\u0440\u0438\u0441\u0442\u0438\u0442\u0435 \u0441\u043d\u0430\u0433\u0443 \u045a\u0438\u0445\u043e\u0432\u0438\u0445 \u0430\u0443\u0442\u0435\u043d\u0442\u0438\u0447\u043d\u0438\u0445 \u0440\u0435\u0447\u0438 \u0438 \u043e\u0445\u0440\u0430\u0431\u0440\u0438\u0442\u0435 \u0441\u0432\u043e\u0458\u0443 \u043e\u0434\u043b\u0443\u043a\u0443 \u0434\u0430 \u043d\u0430\u0441 \u0438\u0437\u0430\u0431\u0435\u0440\u0435\u0442\u0435 \u0437\u0430 \u043e\u0440\u0433\u0430\u043d\u0438\u0437\u0430\u0442\u043e\u0440\u0435 svojih \u0434\u043e\u0433\u0430\u0452\u0430\u0458\u0430. Pi\u0161ite nam \u201eRada je pre svega profesionalac, visoko poslovna, precizna, ta\u010dna i odgovorna osoba. Komunikacija sa njom je jednostavna, brza i ta\u010dna. ... Read more","og_url":"https:\/\/daisyevents.us\/sr\/preporuke\/","og_site_name":"Daisy Events","article_modified_time":"2023-10-26T14:47:08+00:00","og_image":[{"url":"https:\/\/daisyevents.us\/wp-content\/uploads\/2023\/08\/partners-lenovo.png","type":"","width":"","height":""}],"twitter_card":"summary_large_image","twitter_misc":{"Procenjeno vreme \u010ditanja":"4 minuta"},"schema":{"@context":"https:\/\/schema.org","@graph":[{"@type":"WebPage","@id":"https:\/\/daisyevents.us\/sr\/preporuke\/","url":"https:\/\/daisyevents.us\/sr\/preporuke\/","name":"Preporuke - Daisy Events","isPartOf":{"@id":"https:\/\/daisyevents.us\/sr\/#website"},"primaryImageOfPage":{"@id":"https:\/\/daisyevents.us\/sr\/preporuke\/#primaryimage"},"image":{"@id":"https:\/\/daisyevents.us\/sr\/preporuke\/#primaryimage"},"thumbnailUrl":"https:\/\/daisyevents.us\/wp-content\/uploads\/2023\/08\/partners-lenovo.png","datePublished":"2023-08-29T09:09:59+00:00","dateModified":"2023-10-26T14:47:08+00:00","breadcrumb":{"@id":"https:\/\/daisyevents.us\/sr\/preporuke\/#breadcrumb"},"inLanguage":"sr-RS","potentialAction":[{"@type":"ReadAction","target":["https:\/\/daisyevents.us\/sr\/preporuke\/"]}]},{"@type":"ImageObject","inLanguage":"sr-RS","@id":"https:\/\/daisyevents.us\/sr\/preporuke\/#primaryimage","url":"https:\/\/daisyevents.us\/wp-content\/uploads\/2023\/08\/partners-lenovo.png","contentUrl":"https:\/\/daisyevents.us\/wp-content\/uploads\/2023\/08\/partners-lenovo.png"},{"@type":"BreadcrumbList","@id":"https:\/\/daisyevents.us\/sr\/preporuke\/#breadcrumb","itemListElement":[{"@type":"ListItem","position":1,"name":"Home","item":"https:\/\/daisyevents.us\/sr\/"},{"@type":"ListItem","position":2,"name":"Preporuke"}]},{"@type":"WebSite","@id":"https:\/\/daisyevents.us\/sr\/#website","url":"https:\/\/daisyevents.us\/sr\/","name":"Daisy Events - Profesional Event Organization Services","description":"Daisy Events is your reliable partner in conceptualizing, planning, and executing corporate and social events.","publisher":{"@id":"https:\/\/daisyevents.us\/sr\/#organization"},"alternateName":"Daisy Events","potentialAction":[{"@type":"SearchAction","target":{"@type":"EntryPoint","urlTemplate":"https:\/\/daisyevents.us\/sr\/?s={search_term_string}"},"query-input":{"@type":"PropertyValueSpecification","valueRequired":true,"valueName":"search_term_string"}}],"inLanguage":"sr-RS"},{"@type":"Organization","@id":"https:\/\/daisyevents.us\/sr\/#organization","name":"Daisy Events - Profesional Event Organization Services","alternateName":"Daisy Events","url":"https:\/\/daisyevents.us\/sr\/","logo":{"@type":"ImageObject","inLanguage":"sr-RS","@id":"https:\/\/daisyevents.us\/sr\/#\/schema\/logo\/image\/","url":"https:\/\/daisyevents.us\/wp-content\/uploads\/2023\/09\/daisy-events-logo.png","contentUrl":"https:\/\/daisyevents.us\/wp-content\/uploads\/2023\/09\/daisy-events-logo.png","width":1200,"height":675,"caption":"Daisy Events - Profesional Event Organization Services"},"image":{"@id":"https:\/\/daisyevents.us\/sr\/#\/schema\/logo\/image\/"}}]}},"_links":{"self":[{"href":"https:\/\/daisyevents.us\/sr\/wp-json\/wp\/v2\/pages\/1868","targetHints":{"allow":["GET"]}}],"collection":[{"href":"https:\/\/daisyevents.us\/sr\/wp-json\/wp\/v2\/pages"}],"about":[{"href":"https:\/\/daisyevents.us\/sr\/wp-json\/wp\/v2\/types\/page"}],"author":[{"embeddable":true,"href":"https:\/\/daisyevents.us\/sr\/wp-json\/wp\/v2\/users\/1"}],"replies":[{"embeddable":true,"href":"https:\/\/daisyevents.us\/sr\/wp-json\/wp\/v2\/comments?post=1868"}],"version-history":[{"count":29,"href":"https:\/\/daisyevents.us\/sr\/wp-json\/wp\/v2\/pages\/1868\/revisions"}],"predecessor-version":[{"id":2265,"href":"https:\/\/daisyevents.us\/sr\/wp-json\/wp\/v2\/pages\/1868\/revisions\/2265"}],"wp:attachment":[{"href":"https:\/\/daisyevents.us\/sr\/wp-json\/wp\/v2\/media?parent=1868"}],"curies":[{"name":"wp","href":"https:\/\/api.w.org\/{rel}","templated":true}]}}