{"id":1869,"date":"2023-08-25T09:48:03","date_gmt":"2023-08-25T09:48:03","guid":{"rendered":"https:\/\/daisyevents.us\/%d0%bd%d0%b0%d1%88-%d0%bf%d0%be%d1%80%d1%82%d1%84%d0%be%d0%bb%d0%b8%d0%be\/"},"modified":"2023-10-26T14:50:18","modified_gmt":"2023-10-26T14:50:18","slug":"nas-portfolio","status":"publish","type":"page","link":"https:\/\/daisyevents.us\/sr\/nas-portfolio\/","title":{"rendered":"Portfolio"},"content":{"rendered":{},"protected":false},"excerpt":{"rendered":"<p>Otkrivanje spektakularnih trenutaka Ovde \u0107ete na\u0107i prikaz na\u0161ih kreativnih poduhvata i kreiranih iskustava koja se pamte. \u0423\u0440\u043e\u043d\u0438\u0442\u0435 \u0443 \u0432\u0438\u0437\u0443\u0435\u043b\u043d\u0443 \u0433\u043e\u0437\u0431\u0443 \u0438\u0437\u0443\u0437\u0435\u0442\u043d\u0438\u0445 \u043f\u0440\u043e\u0441\u043b\u0430\u0432\u0430, \u0438\u043d\u043e\u0432\u0430\u0442\u0438\u0432\u043d\u0438\u0445 \u043a\u043e\u043d\u0446\u0435\u043f\u0430\u0442\u0430 \u0438 \u0431\u0435\u0441\u043f\u0440\u0435\u043a\u043e\u0440\u043d\u043e\u0433 \u0438\u0437\u0432\u043e\u0452\u0435\u045a\u0430. Svaki doga\u0111aj je svedo\u010danstvo na\u0161e strasti za stvaranjem nezaboravnih trenutaka. Javite nam se danas Serbian Philantropic &#8211; Gala Njujork , SAD \u041b\u043e\u0440\u0435\u043c \u0438\u043f\u0441\u0443\u043c \u0434\u043e\u043b\u043e\u0440 \u0441\u0438\u0442 \u0430\u043c\u0435\u0442, \u0446\u043e\u043d\u0441\u0435\u0446\u0442\u0435\u0442\u0443\u0440 \u0430\u0434\u0438\u043f\u0438\u0441\u0446\u0438\u043d\u0433 &#8230; <a title=\"Portfolio\" class=\"read-more\" href=\"https:\/\/daisyevents.us\/sr\/nas-portfolio\/\" aria-label=\"Read more about Portfolio\">Read more<\/a><\/p>\n","protected":false},"author":1,"featured_media":0,"parent":0,"menu_order":0,"comment_status":"closed","ping_status":"closed","template":"elementor_canvas","meta":{"footnotes":""},"class_list":["post-1869","page","type-page","status-publish"],"yoast_head":"<!-- This site is optimized with the Yoast SEO plugin v27.4 - https:\/\/yoast.com\/product\/yoast-seo-wordpress\/ -->\n<title>Portfolio - Daisy Events<\/title>\n<meta name=\"robots\" content=\"index, follow, max-snippet:-1, max-image-preview:large, max-video-preview:-1\" \/>\n<link rel=\"canonical\" href=\"https:\/\/daisyevents.us\/sr\/nas-portfolio\/\" \/>\n<meta property=\"og:locale\" content=\"sr_RS\" \/>\n<meta property=\"og:type\" content=\"article\" \/>\n<meta property=\"og:title\" content=\"Portfolio - Daisy Events\" \/>\n<meta property=\"og:description\" content=\"Otkrivanje spektakularnih trenutaka Ovde \u0107ete na\u0107i prikaz na\u0161ih kreativnih poduhvata i kreiranih iskustava koja se pamte. \u0423\u0440\u043e\u043d\u0438\u0442\u0435 \u0443 \u0432\u0438\u0437\u0443\u0435\u043b\u043d\u0443 \u0433\u043e\u0437\u0431\u0443 \u0438\u0437\u0443\u0437\u0435\u0442\u043d\u0438\u0445 \u043f\u0440\u043e\u0441\u043b\u0430\u0432\u0430, \u0438\u043d\u043e\u0432\u0430\u0442\u0438\u0432\u043d\u0438\u0445 \u043a\u043e\u043d\u0446\u0435\u043f\u0430\u0442\u0430 \u0438 \u0431\u0435\u0441\u043f\u0440\u0435\u043a\u043e\u0440\u043d\u043e\u0433 \u0438\u0437\u0432\u043e\u0452\u0435\u045a\u0430. Svaki doga\u0111aj je svedo\u010danstvo na\u0161e strasti za stvaranjem nezaboravnih trenutaka. Javite nam se danas Serbian Philantropic &#8211; Gala Njujork , SAD \u041b\u043e\u0440\u0435\u043c \u0438\u043f\u0441\u0443\u043c \u0434\u043e\u043b\u043e\u0440 \u0441\u0438\u0442 \u0430\u043c\u0435\u0442, \u0446\u043e\u043d\u0441\u0435\u0446\u0442\u0435\u0442\u0443\u0440 \u0430\u0434\u0438\u043f\u0438\u0441\u0446\u0438\u043d\u0433 ... Read more\" \/>\n<meta property=\"og:url\" content=\"https:\/\/daisyevents.us\/sr\/nas-portfolio\/\" \/>\n<meta property=\"og:site_name\" content=\"Daisy Events\" \/>\n<meta property=\"article:modified_time\" content=\"2023-10-26T14:50:18+00:00\" \/>\n<meta property=\"og:image\" content=\"https:\/\/daisyevents.us\/wp-content\/uploads\/2023\/09\/portfolio-gala-02.jpg\" \/>\n<meta name=\"twitter:card\" content=\"summary_large_image\" \/>\n<meta name=\"twitter:label1\" content=\"Procenjeno vreme \u010ditanja\" \/>\n\t<meta name=\"twitter:data1\" content=\"1 minut\" \/>\n<script type=\"application\/ld+json\" class=\"yoast-schema-graph\">{\"@context\":\"https:\\\/\\\/schema.org\",\"@graph\":[{\"@type\":\"WebPage\",\"@id\":\"https:\\\/\\\/daisyevents.us\\\/sr\\\/nas-portfolio\\\/\",\"url\":\"https:\\\/\\\/daisyevents.us\\\/sr\\\/nas-portfolio\\\/\",\"name\":\"Portfolio - Daisy Events\",\"isPartOf\":{\"@id\":\"https:\\\/\\\/daisyevents.us\\\/sr\\\/#website\"},\"primaryImageOfPage\":{\"@id\":\"https:\\\/\\\/daisyevents.us\\\/sr\\\/nas-portfolio\\\/#primaryimage\"},\"image\":{\"@id\":\"https:\\\/\\\/daisyevents.us\\\/sr\\\/nas-portfolio\\\/#primaryimage\"},\"thumbnailUrl\":\"https:\\\/\\\/daisyevents.us\\\/wp-content\\\/uploads\\\/2023\\\/09\\\/portfolio-gala-02.jpg\",\"datePublished\":\"2023-08-25T09:48:03+00:00\",\"dateModified\":\"2023-10-26T14:50:18+00:00\",\"breadcrumb\":{\"@id\":\"https:\\\/\\\/daisyevents.us\\\/sr\\\/nas-portfolio\\\/#breadcrumb\"},\"inLanguage\":\"sr-RS\",\"potentialAction\":[{\"@type\":\"ReadAction\",\"target\":[\"https:\\\/\\\/daisyevents.us\\\/sr\\\/nas-portfolio\\\/\"]}]},{\"@type\":\"ImageObject\",\"inLanguage\":\"sr-RS\",\"@id\":\"https:\\\/\\\/daisyevents.us\\\/sr\\\/nas-portfolio\\\/#primaryimage\",\"url\":\"https:\\\/\\\/daisyevents.us\\\/wp-content\\\/uploads\\\/2023\\\/09\\\/portfolio-gala-02.jpg\",\"contentUrl\":\"https:\\\/\\\/daisyevents.us\\\/wp-content\\\/uploads\\\/2023\\\/09\\\/portfolio-gala-02.jpg\"},{\"@type\":\"BreadcrumbList\",\"@id\":\"https:\\\/\\\/daisyevents.us\\\/sr\\\/nas-portfolio\\\/#breadcrumb\",\"itemListElement\":[{\"@type\":\"ListItem\",\"position\":1,\"name\":\"Home\",\"item\":\"https:\\\/\\\/daisyevents.us\\\/sr\\\/\"},{\"@type\":\"ListItem\",\"position\":2,\"name\":\"Portfolio\"}]},{\"@type\":\"WebSite\",\"@id\":\"https:\\\/\\\/daisyevents.us\\\/sr\\\/#website\",\"url\":\"https:\\\/\\\/daisyevents.us\\\/sr\\\/\",\"name\":\"Daisy Events - Profesional Event Organization Services\",\"description\":\"Daisy Events is your reliable partner in conceptualizing, planning, and executing corporate and social events.\",\"publisher\":{\"@id\":\"https:\\\/\\\/daisyevents.us\\\/sr\\\/#organization\"},\"alternateName\":\"Daisy Events\",\"potentialAction\":[{\"@type\":\"SearchAction\",\"target\":{\"@type\":\"EntryPoint\",\"urlTemplate\":\"https:\\\/\\\/daisyevents.us\\\/sr\\\/?s={search_term_string}\"},\"query-input\":{\"@type\":\"PropertyValueSpecification\",\"valueRequired\":true,\"valueName\":\"search_term_string\"}}],\"inLanguage\":\"sr-RS\"},{\"@type\":\"Organization\",\"@id\":\"https:\\\/\\\/daisyevents.us\\\/sr\\\/#organization\",\"name\":\"Daisy Events - Profesional Event Organization Services\",\"alternateName\":\"Daisy Events\",\"url\":\"https:\\\/\\\/daisyevents.us\\\/sr\\\/\",\"logo\":{\"@type\":\"ImageObject\",\"inLanguage\":\"sr-RS\",\"@id\":\"https:\\\/\\\/daisyevents.us\\\/sr\\\/#\\\/schema\\\/logo\\\/image\\\/\",\"url\":\"https:\\\/\\\/daisyevents.us\\\/wp-content\\\/uploads\\\/2023\\\/09\\\/daisy-events-logo.png\",\"contentUrl\":\"https:\\\/\\\/daisyevents.us\\\/wp-content\\\/uploads\\\/2023\\\/09\\\/daisy-events-logo.png\",\"width\":1200,\"height\":675,\"caption\":\"Daisy Events - Profesional Event Organization Services\"},\"image\":{\"@id\":\"https:\\\/\\\/daisyevents.us\\\/sr\\\/#\\\/schema\\\/logo\\\/image\\\/\"}}]}<\/script>\n<!-- \/ Yoast SEO plugin. -->","yoast_head_json":{"title":"Portfolio - Daisy Events","robots":{"index":"index","follow":"follow","max-snippet":"max-snippet:-1","max-image-preview":"max-image-preview:large","max-video-preview":"max-video-preview:-1"},"canonical":"https:\/\/daisyevents.us\/sr\/nas-portfolio\/","og_locale":"sr_RS","og_type":"article","og_title":"Portfolio - Daisy Events","og_description":"Otkrivanje spektakularnih trenutaka Ovde \u0107ete na\u0107i prikaz na\u0161ih kreativnih poduhvata i kreiranih iskustava koja se pamte. \u0423\u0440\u043e\u043d\u0438\u0442\u0435 \u0443 \u0432\u0438\u0437\u0443\u0435\u043b\u043d\u0443 \u0433\u043e\u0437\u0431\u0443 \u0438\u0437\u0443\u0437\u0435\u0442\u043d\u0438\u0445 \u043f\u0440\u043e\u0441\u043b\u0430\u0432\u0430, \u0438\u043d\u043e\u0432\u0430\u0442\u0438\u0432\u043d\u0438\u0445 \u043a\u043e\u043d\u0446\u0435\u043f\u0430\u0442\u0430 \u0438 \u0431\u0435\u0441\u043f\u0440\u0435\u043a\u043e\u0440\u043d\u043e\u0433 \u0438\u0437\u0432\u043e\u0452\u0435\u045a\u0430. Svaki doga\u0111aj je svedo\u010danstvo na\u0161e strasti za stvaranjem nezaboravnih trenutaka. Javite nam se danas Serbian Philantropic &#8211; Gala Njujork , SAD \u041b\u043e\u0440\u0435\u043c \u0438\u043f\u0441\u0443\u043c \u0434\u043e\u043b\u043e\u0440 \u0441\u0438\u0442 \u0430\u043c\u0435\u0442, \u0446\u043e\u043d\u0441\u0435\u0446\u0442\u0435\u0442\u0443\u0440 \u0430\u0434\u0438\u043f\u0438\u0441\u0446\u0438\u043d\u0433 ... Read more","og_url":"https:\/\/daisyevents.us\/sr\/nas-portfolio\/","og_site_name":"Daisy Events","article_modified_time":"2023-10-26T14:50:18+00:00","og_image":[{"url":"https:\/\/daisyevents.us\/wp-content\/uploads\/2023\/09\/portfolio-gala-02.jpg","type":"","width":"","height":""}],"twitter_card":"summary_large_image","twitter_misc":{"Procenjeno vreme \u010ditanja":"1 minut"},"schema":{"@context":"https:\/\/schema.org","@graph":[{"@type":"WebPage","@id":"https:\/\/daisyevents.us\/sr\/nas-portfolio\/","url":"https:\/\/daisyevents.us\/sr\/nas-portfolio\/","name":"Portfolio - Daisy Events","isPartOf":{"@id":"https:\/\/daisyevents.us\/sr\/#website"},"primaryImageOfPage":{"@id":"https:\/\/daisyevents.us\/sr\/nas-portfolio\/#primaryimage"},"image":{"@id":"https:\/\/daisyevents.us\/sr\/nas-portfolio\/#primaryimage"},"thumbnailUrl":"https:\/\/daisyevents.us\/wp-content\/uploads\/2023\/09\/portfolio-gala-02.jpg","datePublished":"2023-08-25T09:48:03+00:00","dateModified":"2023-10-26T14:50:18+00:00","breadcrumb":{"@id":"https:\/\/daisyevents.us\/sr\/nas-portfolio\/#breadcrumb"},"inLanguage":"sr-RS","potentialAction":[{"@type":"ReadAction","target":["https:\/\/daisyevents.us\/sr\/nas-portfolio\/"]}]},{"@type":"ImageObject","inLanguage":"sr-RS","@id":"https:\/\/daisyevents.us\/sr\/nas-portfolio\/#primaryimage","url":"https:\/\/daisyevents.us\/wp-content\/uploads\/2023\/09\/portfolio-gala-02.jpg","contentUrl":"https:\/\/daisyevents.us\/wp-content\/uploads\/2023\/09\/portfolio-gala-02.jpg"},{"@type":"BreadcrumbList","@id":"https:\/\/daisyevents.us\/sr\/nas-portfolio\/#breadcrumb","itemListElement":[{"@type":"ListItem","position":1,"name":"Home","item":"https:\/\/daisyevents.us\/sr\/"},{"@type":"ListItem","position":2,"name":"Portfolio"}]},{"@type":"WebSite","@id":"https:\/\/daisyevents.us\/sr\/#website","url":"https:\/\/daisyevents.us\/sr\/","name":"Daisy Events - Profesional Event Organization Services","description":"Daisy Events is your reliable partner in conceptualizing, planning, and executing corporate and social events.","publisher":{"@id":"https:\/\/daisyevents.us\/sr\/#organization"},"alternateName":"Daisy Events","potentialAction":[{"@type":"SearchAction","target":{"@type":"EntryPoint","urlTemplate":"https:\/\/daisyevents.us\/sr\/?s={search_term_string}"},"query-input":{"@type":"PropertyValueSpecification","valueRequired":true,"valueName":"search_term_string"}}],"inLanguage":"sr-RS"},{"@type":"Organization","@id":"https:\/\/daisyevents.us\/sr\/#organization","name":"Daisy Events - Profesional Event Organization Services","alternateName":"Daisy Events","url":"https:\/\/daisyevents.us\/sr\/","logo":{"@type":"ImageObject","inLanguage":"sr-RS","@id":"https:\/\/daisyevents.us\/sr\/#\/schema\/logo\/image\/","url":"https:\/\/daisyevents.us\/wp-content\/uploads\/2023\/09\/daisy-events-logo.png","contentUrl":"https:\/\/daisyevents.us\/wp-content\/uploads\/2023\/09\/daisy-events-logo.png","width":1200,"height":675,"caption":"Daisy Events - Profesional Event Organization Services"},"image":{"@id":"https:\/\/daisyevents.us\/sr\/#\/schema\/logo\/image\/"}}]}},"_links":{"self":[{"href":"https:\/\/daisyevents.us\/sr\/wp-json\/wp\/v2\/pages\/1869","targetHints":{"allow":["GET"]}}],"collection":[{"href":"https:\/\/daisyevents.us\/sr\/wp-json\/wp\/v2\/pages"}],"about":[{"href":"https:\/\/daisyevents.us\/sr\/wp-json\/wp\/v2\/types\/page"}],"author":[{"embeddable":true,"href":"https:\/\/daisyevents.us\/sr\/wp-json\/wp\/v2\/users\/1"}],"replies":[{"embeddable":true,"href":"https:\/\/daisyevents.us\/sr\/wp-json\/wp\/v2\/comments?post=1869"}],"version-history":[{"count":29,"href":"https:\/\/daisyevents.us\/sr\/wp-json\/wp\/v2\/pages\/1869\/revisions"}],"predecessor-version":[{"id":2279,"href":"https:\/\/daisyevents.us\/sr\/wp-json\/wp\/v2\/pages\/1869\/revisions\/2279"}],"wp:attachment":[{"href":"https:\/\/daisyevents.us\/sr\/wp-json\/wp\/v2\/media?parent=1869"}],"curies":[{"name":"wp","href":"https:\/\/api.w.org\/{rel}","templated":true}]}}