{"id":1870,"date":"2023-08-29T07:04:18","date_gmt":"2023-08-29T07:04:18","guid":{"rendered":"https:\/\/daisyevents.us\/%d0%bd%d0%b0%d1%88%d0%b5-%d1%83%d1%81%d0%bb%d1%83%d0%b3%d0%b5\/"},"modified":"2023-09-25T07:30:40","modified_gmt":"2023-09-25T07:30:40","slug":"usluge","status":"publish","type":"page","link":"https:\/\/daisyevents.us\/sr\/usluge\/","title":{"rendered":"Na\u0161e usluge"},"content":{"rendered":{},"protected":false},"excerpt":{"rendered":"<p>Umetnost organizacije Pokrivamo sve vrste de\u0161avanja &#8211; od timbilding aktivnosti do velikih lansiranja proizvoda,. Na\u0161 posve\u0107eni tim brine o svakom detalju, tako da se mo\u017eete opustiti i u\u017eivati u svom doga\u0111aju. \u0160irok dijapazon na\u0161ih profesionalnih dobavlja\u010da obezbe\u0111uje vrhunske usluge u okviru va\u0161eg bud\u017eeta. Pi\u0161ite nam Na\u0161e usluge Pogledajte spisak na\u0161ih usliga i otkrijte kako vam &#8230; <a title=\"Na\u0161e usluge\" class=\"read-more\" href=\"https:\/\/daisyevents.us\/sr\/usluge\/\" aria-label=\"Read more about Na\u0161e usluge\">Read more<\/a><\/p>\n","protected":false},"author":1,"featured_media":0,"parent":0,"menu_order":0,"comment_status":"closed","ping_status":"closed","template":"elementor_canvas","meta":{"footnotes":""},"class_list":["post-1870","page","type-page","status-publish"],"yoast_head":"<!-- This site is optimized with the Yoast SEO plugin v27.4 - https:\/\/yoast.com\/product\/yoast-seo-wordpress\/ -->\n<title>Na\u0161e usluge - Daisy Events<\/title>\n<meta name=\"robots\" content=\"index, follow, max-snippet:-1, max-image-preview:large, max-video-preview:-1\" \/>\n<link rel=\"canonical\" href=\"https:\/\/daisyevents.us\/sr\/usluge\/\" \/>\n<meta property=\"og:locale\" content=\"sr_RS\" \/>\n<meta property=\"og:type\" content=\"article\" \/>\n<meta property=\"og:title\" content=\"Na\u0161e usluge - Daisy Events\" \/>\n<meta property=\"og:description\" content=\"Umetnost organizacije Pokrivamo sve vrste de\u0161avanja &#8211; od timbilding aktivnosti do velikih lansiranja proizvoda,. Na\u0161 posve\u0107eni tim brine o svakom detalju, tako da se mo\u017eete opustiti i u\u017eivati u svom doga\u0111aju. \u0160irok dijapazon na\u0161ih profesionalnih dobavlja\u010da obezbe\u0111uje vrhunske usluge u okviru va\u0161eg bud\u017eeta. Pi\u0161ite nam Na\u0161e usluge Pogledajte spisak na\u0161ih usliga i otkrijte kako vam ... Read more\" \/>\n<meta property=\"og:url\" content=\"https:\/\/daisyevents.us\/sr\/usluge\/\" \/>\n<meta property=\"og:site_name\" content=\"Daisy Events\" \/>\n<meta property=\"article:modified_time\" content=\"2023-09-25T07:30:40+00:00\" \/>\n<meta property=\"og:image\" content=\"https:\/\/daisyevents.us\/wp-content\/uploads\/2023\/08\/services-corporate-events-1024x683.jpg\" \/>\n<meta name=\"twitter:card\" content=\"summary_large_image\" \/>\n<meta name=\"twitter:label1\" content=\"Procenjeno vreme \u010ditanja\" \/>\n\t<meta name=\"twitter:data1\" content=\"4 minuta\" \/>\n<script type=\"application\/ld+json\" class=\"yoast-schema-graph\">{\"@context\":\"https:\\\/\\\/schema.org\",\"@graph\":[{\"@type\":\"WebPage\",\"@id\":\"https:\\\/\\\/daisyevents.us\\\/sr\\\/usluge\\\/\",\"url\":\"https:\\\/\\\/daisyevents.us\\\/sr\\\/usluge\\\/\",\"name\":\"Na\u0161e usluge - Daisy Events\",\"isPartOf\":{\"@id\":\"https:\\\/\\\/daisyevents.us\\\/sr\\\/#website\"},\"primaryImageOfPage\":{\"@id\":\"https:\\\/\\\/daisyevents.us\\\/sr\\\/usluge\\\/#primaryimage\"},\"image\":{\"@id\":\"https:\\\/\\\/daisyevents.us\\\/sr\\\/usluge\\\/#primaryimage\"},\"thumbnailUrl\":\"https:\\\/\\\/daisyevents.us\\\/wp-content\\\/uploads\\\/2023\\\/08\\\/services-corporate-events-1024x683.jpg\",\"datePublished\":\"2023-08-29T07:04:18+00:00\",\"dateModified\":\"2023-09-25T07:30:40+00:00\",\"breadcrumb\":{\"@id\":\"https:\\\/\\\/daisyevents.us\\\/sr\\\/usluge\\\/#breadcrumb\"},\"inLanguage\":\"sr-RS\",\"potentialAction\":[{\"@type\":\"ReadAction\",\"target\":[\"https:\\\/\\\/daisyevents.us\\\/sr\\\/usluge\\\/\"]}]},{\"@type\":\"ImageObject\",\"inLanguage\":\"sr-RS\",\"@id\":\"https:\\\/\\\/daisyevents.us\\\/sr\\\/usluge\\\/#primaryimage\",\"url\":\"https:\\\/\\\/daisyevents.us\\\/wp-content\\\/uploads\\\/2023\\\/08\\\/services-corporate-events-1024x683.jpg\",\"contentUrl\":\"https:\\\/\\\/daisyevents.us\\\/wp-content\\\/uploads\\\/2023\\\/08\\\/services-corporate-events-1024x683.jpg\"},{\"@type\":\"BreadcrumbList\",\"@id\":\"https:\\\/\\\/daisyevents.us\\\/sr\\\/usluge\\\/#breadcrumb\",\"itemListElement\":[{\"@type\":\"ListItem\",\"position\":1,\"name\":\"Home\",\"item\":\"https:\\\/\\\/daisyevents.us\\\/sr\\\/\"},{\"@type\":\"ListItem\",\"position\":2,\"name\":\"Na\u0161e usluge\"}]},{\"@type\":\"WebSite\",\"@id\":\"https:\\\/\\\/daisyevents.us\\\/sr\\\/#website\",\"url\":\"https:\\\/\\\/daisyevents.us\\\/sr\\\/\",\"name\":\"Daisy Events - Profesional Event Organization Services\",\"description\":\"Daisy Events is your reliable partner in conceptualizing, planning, and executing corporate and social events.\",\"publisher\":{\"@id\":\"https:\\\/\\\/daisyevents.us\\\/sr\\\/#organization\"},\"alternateName\":\"Daisy Events\",\"potentialAction\":[{\"@type\":\"SearchAction\",\"target\":{\"@type\":\"EntryPoint\",\"urlTemplate\":\"https:\\\/\\\/daisyevents.us\\\/sr\\\/?s={search_term_string}\"},\"query-input\":{\"@type\":\"PropertyValueSpecification\",\"valueRequired\":true,\"valueName\":\"search_term_string\"}}],\"inLanguage\":\"sr-RS\"},{\"@type\":\"Organization\",\"@id\":\"https:\\\/\\\/daisyevents.us\\\/sr\\\/#organization\",\"name\":\"Daisy Events - Profesional Event Organization Services\",\"alternateName\":\"Daisy Events\",\"url\":\"https:\\\/\\\/daisyevents.us\\\/sr\\\/\",\"logo\":{\"@type\":\"ImageObject\",\"inLanguage\":\"sr-RS\",\"@id\":\"https:\\\/\\\/daisyevents.us\\\/sr\\\/#\\\/schema\\\/logo\\\/image\\\/\",\"url\":\"https:\\\/\\\/daisyevents.us\\\/wp-content\\\/uploads\\\/2023\\\/09\\\/daisy-events-logo.png\",\"contentUrl\":\"https:\\\/\\\/daisyevents.us\\\/wp-content\\\/uploads\\\/2023\\\/09\\\/daisy-events-logo.png\",\"width\":1200,\"height\":675,\"caption\":\"Daisy Events - Profesional Event Organization Services\"},\"image\":{\"@id\":\"https:\\\/\\\/daisyevents.us\\\/sr\\\/#\\\/schema\\\/logo\\\/image\\\/\"}}]}<\/script>\n<!-- \/ Yoast SEO plugin. -->","yoast_head_json":{"title":"Na\u0161e usluge - Daisy Events","robots":{"index":"index","follow":"follow","max-snippet":"max-snippet:-1","max-image-preview":"max-image-preview:large","max-video-preview":"max-video-preview:-1"},"canonical":"https:\/\/daisyevents.us\/sr\/usluge\/","og_locale":"sr_RS","og_type":"article","og_title":"Na\u0161e usluge - Daisy Events","og_description":"Umetnost organizacije Pokrivamo sve vrste de\u0161avanja &#8211; od timbilding aktivnosti do velikih lansiranja proizvoda,. Na\u0161 posve\u0107eni tim brine o svakom detalju, tako da se mo\u017eete opustiti i u\u017eivati u svom doga\u0111aju. \u0160irok dijapazon na\u0161ih profesionalnih dobavlja\u010da obezbe\u0111uje vrhunske usluge u okviru va\u0161eg bud\u017eeta. Pi\u0161ite nam Na\u0161e usluge Pogledajte spisak na\u0161ih usliga i otkrijte kako vam ... Read more","og_url":"https:\/\/daisyevents.us\/sr\/usluge\/","og_site_name":"Daisy Events","article_modified_time":"2023-09-25T07:30:40+00:00","og_image":[{"url":"https:\/\/daisyevents.us\/wp-content\/uploads\/2023\/08\/services-corporate-events-1024x683.jpg","type":"","width":"","height":""}],"twitter_card":"summary_large_image","twitter_misc":{"Procenjeno vreme \u010ditanja":"4 minuta"},"schema":{"@context":"https:\/\/schema.org","@graph":[{"@type":"WebPage","@id":"https:\/\/daisyevents.us\/sr\/usluge\/","url":"https:\/\/daisyevents.us\/sr\/usluge\/","name":"Na\u0161e usluge - Daisy Events","isPartOf":{"@id":"https:\/\/daisyevents.us\/sr\/#website"},"primaryImageOfPage":{"@id":"https:\/\/daisyevents.us\/sr\/usluge\/#primaryimage"},"image":{"@id":"https:\/\/daisyevents.us\/sr\/usluge\/#primaryimage"},"thumbnailUrl":"https:\/\/daisyevents.us\/wp-content\/uploads\/2023\/08\/services-corporate-events-1024x683.jpg","datePublished":"2023-08-29T07:04:18+00:00","dateModified":"2023-09-25T07:30:40+00:00","breadcrumb":{"@id":"https:\/\/daisyevents.us\/sr\/usluge\/#breadcrumb"},"inLanguage":"sr-RS","potentialAction":[{"@type":"ReadAction","target":["https:\/\/daisyevents.us\/sr\/usluge\/"]}]},{"@type":"ImageObject","inLanguage":"sr-RS","@id":"https:\/\/daisyevents.us\/sr\/usluge\/#primaryimage","url":"https:\/\/daisyevents.us\/wp-content\/uploads\/2023\/08\/services-corporate-events-1024x683.jpg","contentUrl":"https:\/\/daisyevents.us\/wp-content\/uploads\/2023\/08\/services-corporate-events-1024x683.jpg"},{"@type":"BreadcrumbList","@id":"https:\/\/daisyevents.us\/sr\/usluge\/#breadcrumb","itemListElement":[{"@type":"ListItem","position":1,"name":"Home","item":"https:\/\/daisyevents.us\/sr\/"},{"@type":"ListItem","position":2,"name":"Na\u0161e usluge"}]},{"@type":"WebSite","@id":"https:\/\/daisyevents.us\/sr\/#website","url":"https:\/\/daisyevents.us\/sr\/","name":"Daisy Events - Profesional Event Organization Services","description":"Daisy Events is your reliable partner in conceptualizing, planning, and executing corporate and social events.","publisher":{"@id":"https:\/\/daisyevents.us\/sr\/#organization"},"alternateName":"Daisy Events","potentialAction":[{"@type":"SearchAction","target":{"@type":"EntryPoint","urlTemplate":"https:\/\/daisyevents.us\/sr\/?s={search_term_string}"},"query-input":{"@type":"PropertyValueSpecification","valueRequired":true,"valueName":"search_term_string"}}],"inLanguage":"sr-RS"},{"@type":"Organization","@id":"https:\/\/daisyevents.us\/sr\/#organization","name":"Daisy Events - Profesional Event Organization Services","alternateName":"Daisy Events","url":"https:\/\/daisyevents.us\/sr\/","logo":{"@type":"ImageObject","inLanguage":"sr-RS","@id":"https:\/\/daisyevents.us\/sr\/#\/schema\/logo\/image\/","url":"https:\/\/daisyevents.us\/wp-content\/uploads\/2023\/09\/daisy-events-logo.png","contentUrl":"https:\/\/daisyevents.us\/wp-content\/uploads\/2023\/09\/daisy-events-logo.png","width":1200,"height":675,"caption":"Daisy Events - Profesional Event Organization Services"},"image":{"@id":"https:\/\/daisyevents.us\/sr\/#\/schema\/logo\/image\/"}}]}},"_links":{"self":[{"href":"https:\/\/daisyevents.us\/sr\/wp-json\/wp\/v2\/pages\/1870","targetHints":{"allow":["GET"]}}],"collection":[{"href":"https:\/\/daisyevents.us\/sr\/wp-json\/wp\/v2\/pages"}],"about":[{"href":"https:\/\/daisyevents.us\/sr\/wp-json\/wp\/v2\/types\/page"}],"author":[{"embeddable":true,"href":"https:\/\/daisyevents.us\/sr\/wp-json\/wp\/v2\/users\/1"}],"replies":[{"embeddable":true,"href":"https:\/\/daisyevents.us\/sr\/wp-json\/wp\/v2\/comments?post=1870"}],"version-history":[{"count":14,"href":"https:\/\/daisyevents.us\/sr\/wp-json\/wp\/v2\/pages\/1870\/revisions"}],"predecessor-version":[{"id":2219,"href":"https:\/\/daisyevents.us\/sr\/wp-json\/wp\/v2\/pages\/1870\/revisions\/2219"}],"wp:attachment":[{"href":"https:\/\/daisyevents.us\/sr\/wp-json\/wp\/v2\/media?parent=1870"}],"curies":[{"name":"wp","href":"https:\/\/api.w.org\/{rel}","templated":true}]}}